{"id":4299,"date":"2022-02-03T09:17:03","date_gmt":"2022-02-03T09:17:03","guid":{"rendered":"http:\/\/obchod.dcstyl.cz\/?post_type=product&#038;p=4299"},"modified":"2026-02-22T14:50:49","modified_gmt":"2026-02-22T14:50:49","slug":"hrejive-saty","status":"publish","type":"product","link":"https:\/\/obchod.dcstyl.cz\/index.php\/product\/hrejive-saty\/","title":{"rendered":"H\u0159ejiv\u00e9 \u0161aty"},"content":{"rendered":"<p>Teplou\u010dk\u00e9 \u0161aty s klokan\u00ed kapsou a rozparky. Stoj\u00e1\u010dek v pr\u016fkr\u010dn\u00edku lze upravit sametovou stuhou v barv\u011b modr\u00e9, nebo \u010derven\u00e9, nebo zelen\u00e9 barv\u011b, podle V\u00e1seho p\u0159an\u00ed. Tyto praktick\u00e9 \u0161aty by nem\u011bly chyb\u011bt ve va\u0161em \u0161atn\u00edku.<\/p>\n<p>Barva mint<\/p>\n<p>Velikost S, M, L, XL<\/p>\n<p>Materi\u00e1l 90% bavlna, 10 % polyester<\/p>\n","protected":false},"excerpt":{"rendered":"<p>Teplou\u010dk\u00e9 \u0161aty s klokan\u00ed kapsou a rozparky. Stoj\u00e1\u010dek v pr\u016fkr\u010dn\u00edku lze upravit sametovou stuhou v barv\u011b modr\u00e9, nebo \u010derven\u00e9, nebo zelen\u00e9 barv\u011b, podle V\u00e1seho p\u0159an\u00ed. Tyto praktick\u00e9 \u0161aty by nem\u011bly chyb\u011bt ve va\u0161em \u0161atn\u00edku.<\/p>\n","protected":false},"featured_media":4305,"comment_status":"open","ping_status":"closed","template":"","meta":[],"class_list":["post-4299","product","type-product","status-publish","has-post-thumbnail","hentry","product_cat-damska"],"_links":{"self":[{"href":"https:\/\/obchod.dcstyl.cz\/index.php\/wp-json\/wp\/v2\/product\/4299","targetHints":{"allow":["GET"]}}],"collection":[{"href":"https:\/\/obchod.dcstyl.cz\/index.php\/wp-json\/wp\/v2\/product"}],"about":[{"href":"https:\/\/obchod.dcstyl.cz\/index.php\/wp-json\/wp\/v2\/types\/product"}],"replies":[{"embeddable":true,"href":"https:\/\/obchod.dcstyl.cz\/index.php\/wp-json\/wp\/v2\/comments?post=4299"}],"wp:featuredmedia":[{"embeddable":true,"href":"https:\/\/obchod.dcstyl.cz\/index.php\/wp-json\/wp\/v2\/media\/4305"}],"wp:attachment":[{"href":"https:\/\/obchod.dcstyl.cz\/index.php\/wp-json\/wp\/v2\/media?parent=4299"}],"curies":[{"name":"wp","href":"https:\/\/api.w.org\/{rel}","templated":true}]}}