{"id":4255,"date":"2021-04-08T16:46:15","date_gmt":"2021-04-08T16:46:15","guid":{"rendered":"http:\/\/obchod.dcstyl.cz\/?post_type=product&#038;p=4255"},"modified":"2026-02-22T19:12:49","modified_gmt":"2026-02-22T19:12:49","slug":"sportovni-trika","status":"publish","type":"product","link":"https:\/\/obchod.dcstyl.cz\/index.php\/product\/sportovni-trika\/","title":{"rendered":"Sportovn\u00ed trika"},"content":{"rendered":"<p>Sportovn\u00ed trika, z jemn\u00e9ho funk\u010dn\u00edho plastick\u00e9ho materi\u00e1lu &#8211; bublinky.<\/p>\n<p>100% polyester<\/p>\n","protected":false},"excerpt":{"rendered":"<p>Sportovn\u00ed trika.<\/p>\n","protected":false},"featured_media":3899,"comment_status":"open","ping_status":"closed","template":"","meta":[],"class_list":["post-4255","product","type-product","status-publish","has-post-thumbnail","hentry","product_cat-damska"],"_links":{"self":[{"href":"https:\/\/obchod.dcstyl.cz\/index.php\/wp-json\/wp\/v2\/product\/4255","targetHints":{"allow":["GET"]}}],"collection":[{"href":"https:\/\/obchod.dcstyl.cz\/index.php\/wp-json\/wp\/v2\/product"}],"about":[{"href":"https:\/\/obchod.dcstyl.cz\/index.php\/wp-json\/wp\/v2\/types\/product"}],"replies":[{"embeddable":true,"href":"https:\/\/obchod.dcstyl.cz\/index.php\/wp-json\/wp\/v2\/comments?post=4255"}],"wp:featuredmedia":[{"embeddable":true,"href":"https:\/\/obchod.dcstyl.cz\/index.php\/wp-json\/wp\/v2\/media\/3899"}],"wp:attachment":[{"href":"https:\/\/obchod.dcstyl.cz\/index.php\/wp-json\/wp\/v2\/media?parent=4255"}],"curies":[{"name":"wp","href":"https:\/\/api.w.org\/{rel}","templated":true}]}}