{"id":4229,"date":"2021-04-08T16:08:03","date_gmt":"2021-04-08T16:08:03","guid":{"rendered":"http:\/\/obchod.dcstyl.cz\/?post_type=product&#038;p=4229"},"modified":"2026-02-22T19:13:30","modified_gmt":"2026-02-22T19:13:30","slug":"funkcni-trika","status":"publish","type":"product","link":"https:\/\/obchod.dcstyl.cz\/index.php\/product\/funkcni-trika\/","title":{"rendered":"Funk\u010dn\u00ed trika"},"content":{"rendered":"<div class=\"product\">\n<div class=\"p\" data-micro=\"product\" data-micro-product-id=\"3942\" data-micro-identifier=\"bec0d7d0-b2b4-11e9-beb1-002590dad85e\">\n<div class=\"p-in\">\n<div class=\"p-bottom\">\n<div data-micro=\"offer\" data-micro-price=\"84.00\" data-micro-price-currency=\"CZK\" data-micro-warranty=\"2 roky\" data-micro-availability=\"https:\/\/schema.org\/InStock\">\n<p class=\"p-desc\" data-micro=\"description\">Funk\u010dn\u00ed trika, kter\u00e1 si obl\u00edb\u00edte st\u0159ihem i materi\u00e1lem i barvou.<\/p>\n<p class=\"p-desc\" data-micro=\"description\">Slo\u017een\u00ed: 100% Micro polyester k\u00e1ro.<\/p>\n<\/div>\n<\/div>\n<\/div>\n<\/div>\n<\/div>\n<div class=\"product\">\n<div class=\"p\" data-micro=\"product\" data-micro-product-id=\"3936\" data-micro-identifier=\"a0e31e2e-b2b3-11e9-beb1-002590dad85e\"><\/div>\n<\/div>\n","protected":false},"excerpt":{"rendered":"<p>Funk\u010dn\u00ed trika z komfortn\u00edho materi\u00e1lu.<\/p>\n","protected":false},"featured_media":4230,"comment_status":"open","ping_status":"closed","template":"","meta":[],"class_list":["post-4229","product","type-product","status-publish","has-post-thumbnail","hentry","product_cat-damska"],"_links":{"self":[{"href":"https:\/\/obchod.dcstyl.cz\/index.php\/wp-json\/wp\/v2\/product\/4229","targetHints":{"allow":["GET"]}}],"collection":[{"href":"https:\/\/obchod.dcstyl.cz\/index.php\/wp-json\/wp\/v2\/product"}],"about":[{"href":"https:\/\/obchod.dcstyl.cz\/index.php\/wp-json\/wp\/v2\/types\/product"}],"replies":[{"embeddable":true,"href":"https:\/\/obchod.dcstyl.cz\/index.php\/wp-json\/wp\/v2\/comments?post=4229"}],"wp:featuredmedia":[{"embeddable":true,"href":"https:\/\/obchod.dcstyl.cz\/index.php\/wp-json\/wp\/v2\/media\/4230"}],"wp:attachment":[{"href":"https:\/\/obchod.dcstyl.cz\/index.php\/wp-json\/wp\/v2\/media?parent=4229"}],"curies":[{"name":"wp","href":"https:\/\/api.w.org\/{rel}","templated":true}]}}