{"id":4227,"date":"2021-04-08T15:34:09","date_gmt":"2021-04-08T15:34:09","guid":{"rendered":"http:\/\/obchod.dcstyl.cz\/?post_type=product&#038;p=4227"},"modified":"2021-04-08T16:36:34","modified_gmt":"2021-04-08T16:36:34","slug":"polo-saty-se-vzorem","status":"publish","type":"product","link":"https:\/\/obchod.dcstyl.cz\/index.php\/product\/polo-saty-se-vzorem\/","title":{"rendered":"Polo \u0161aty se vzorem"},"content":{"rendered":"<p>Pohledn\u00e9 polo \u0161aty s rozparkami.<\/p>\n<p>Barevn\u00e9 materi\u00e1lov\u00e9 slo\u017een\u00ed PES 95% \/5% elastan.<\/p>\n<p>Kotvi\u010dky Modal 95 %\/5 % elastan.<\/p>\n<p>Prou\u017eky\u00a0 95 % bavlna \/5% elastan.<\/p>\n","protected":false},"excerpt":{"rendered":"<p>Pohledn\u00e9 polo \u0161aty s rozparkami.<\/p>\n<p>&nbsp;<\/p>\n","protected":false},"featured_media":4144,"comment_status":"open","ping_status":"closed","template":"","meta":[],"class_list":["post-4227","product","type-product","status-publish","has-post-thumbnail","hentry","product_cat-damska"],"_links":{"self":[{"href":"https:\/\/obchod.dcstyl.cz\/index.php\/wp-json\/wp\/v2\/product\/4227","targetHints":{"allow":["GET"]}}],"collection":[{"href":"https:\/\/obchod.dcstyl.cz\/index.php\/wp-json\/wp\/v2\/product"}],"about":[{"href":"https:\/\/obchod.dcstyl.cz\/index.php\/wp-json\/wp\/v2\/types\/product"}],"replies":[{"embeddable":true,"href":"https:\/\/obchod.dcstyl.cz\/index.php\/wp-json\/wp\/v2\/comments?post=4227"}],"wp:featuredmedia":[{"embeddable":true,"href":"https:\/\/obchod.dcstyl.cz\/index.php\/wp-json\/wp\/v2\/media\/4144"}],"wp:attachment":[{"href":"https:\/\/obchod.dcstyl.cz\/index.php\/wp-json\/wp\/v2\/media?parent=4227"}],"curies":[{"name":"wp","href":"https:\/\/api.w.org\/{rel}","templated":true}]}}