{"id":4201,"date":"2021-04-05T20:26:02","date_gmt":"2021-04-05T20:26:02","guid":{"rendered":"http:\/\/obchod.dcstyl.cz\/?post_type=product&#038;p=4201"},"modified":"2021-04-05T20:55:05","modified_gmt":"2021-04-05T20:55:05","slug":"panske-sortky","status":"publish","type":"product","link":"https:\/\/obchod.dcstyl.cz\/index.php\/product\/panske-sortky\/","title":{"rendered":"P\u00e1nsk\u00e9 \u0161ortky"},"content":{"rendered":"<p>P\u00e1nsk\u00e9 \u0161ortky\u00a0 v pase na gumu s dv\u011bma kapsami na boc\u00edch a jednou kapsou na zadn\u00edm d\u00edle.<\/p>\n<p>Jsou vyrobenn\u00e9 z nepo\u010desan\u00e9ho v\u00fdpl\u0148ku.<\/p>\n<p>Slo\u017een\u00ed Ba 95%\/5% elastan<\/p>\n","protected":false},"excerpt":{"rendered":"<p>P\u00e1nsk\u00e9 \u0161ortky.<\/p>\n","protected":false},"featured_media":4133,"comment_status":"open","ping_status":"closed","template":"","meta":[],"class_list":["post-4201","product","type-product","status-publish","has-post-thumbnail","hentry","product_cat-panska"],"_links":{"self":[{"href":"https:\/\/obchod.dcstyl.cz\/index.php\/wp-json\/wp\/v2\/product\/4201","targetHints":{"allow":["GET"]}}],"collection":[{"href":"https:\/\/obchod.dcstyl.cz\/index.php\/wp-json\/wp\/v2\/product"}],"about":[{"href":"https:\/\/obchod.dcstyl.cz\/index.php\/wp-json\/wp\/v2\/types\/product"}],"replies":[{"embeddable":true,"href":"https:\/\/obchod.dcstyl.cz\/index.php\/wp-json\/wp\/v2\/comments?post=4201"}],"wp:featuredmedia":[{"embeddable":true,"href":"https:\/\/obchod.dcstyl.cz\/index.php\/wp-json\/wp\/v2\/media\/4133"}],"wp:attachment":[{"href":"https:\/\/obchod.dcstyl.cz\/index.php\/wp-json\/wp\/v2\/media?parent=4201"}],"curies":[{"name":"wp","href":"https:\/\/api.w.org\/{rel}","templated":true}]}}