{"id":4180,"date":"2021-04-05T19:49:10","date_gmt":"2021-04-05T19:49:10","guid":{"rendered":"http:\/\/obchod.dcstyl.cz\/?post_type=product&#038;p=4180"},"modified":"2021-04-05T20:55:41","modified_gmt":"2021-04-05T20:55:41","slug":"polokosile","status":"publish","type":"product","link":"https:\/\/obchod.dcstyl.cz\/index.php\/product\/polokosile\/","title":{"rendered":"Poloko\u0161ile"},"content":{"rendered":"<p>P\u00e1nsk\u00e1 poloko\u0161ile s kapsi\u010dkou.<\/p>\n<p>L\u00edmec a a zap\u00edn\u00e1n\u00ed je podlo\u017eeno lehk\u00fdm pl\u00e1t\u00fdnkem v d\u017e\u00ednov\u00e9m proveden\u00ed.<\/p>\n<p>Modal: 95%, Ba 5%<\/p>\n","protected":false},"excerpt":{"rendered":"<p>P\u00e1nsk\u00e1 poloko\u0161ile.<\/p>\n","protected":false},"featured_media":4157,"comment_status":"open","ping_status":"closed","template":"","meta":[],"class_list":["post-4180","product","type-product","status-publish","has-post-thumbnail","hentry","product_cat-panska"],"_links":{"self":[{"href":"https:\/\/obchod.dcstyl.cz\/index.php\/wp-json\/wp\/v2\/product\/4180","targetHints":{"allow":["GET"]}}],"collection":[{"href":"https:\/\/obchod.dcstyl.cz\/index.php\/wp-json\/wp\/v2\/product"}],"about":[{"href":"https:\/\/obchod.dcstyl.cz\/index.php\/wp-json\/wp\/v2\/types\/product"}],"replies":[{"embeddable":true,"href":"https:\/\/obchod.dcstyl.cz\/index.php\/wp-json\/wp\/v2\/comments?post=4180"}],"wp:featuredmedia":[{"embeddable":true,"href":"https:\/\/obchod.dcstyl.cz\/index.php\/wp-json\/wp\/v2\/media\/4157"}],"wp:attachment":[{"href":"https:\/\/obchod.dcstyl.cz\/index.php\/wp-json\/wp\/v2\/media?parent=4180"}],"curies":[{"name":"wp","href":"https:\/\/api.w.org\/{rel}","templated":true}]}}