{"id":4132,"date":"2021-04-05T19:01:24","date_gmt":"2021-04-05T19:01:24","guid":{"rendered":"http:\/\/obchod.dcstyl.cz\/?post_type=product&#038;p=4132"},"modified":"2021-04-05T20:56:16","modified_gmt":"2021-04-05T20:56:16","slug":"sortky","status":"publish","type":"product","link":"https:\/\/obchod.dcstyl.cz\/index.php\/product\/sortky\/","title":{"rendered":"\u0160ortky"},"content":{"rendered":"<p>P\u00e1nsk\u00e9 \u0161ortky, v pase na gumu se sta\u017een\u00edm na \u0161\u0148\u016fru, dv\u011b bo\u010dn\u00ed kapsy a jedna kapsa v zadu.<\/p>\n<p>Tepl\u00e1kovina , po\u010desan\u00e1 rubov\u00e1 strana<\/p>\n<p>slo\u017een\u00ed: 90% Bavlna 10% Pes<\/p>\n<p>&nbsp;<\/p>\n","protected":false},"excerpt":{"rendered":"<p>P\u00e1nsk\u00e9 \u0161ortky s kapsami.<\/p>\n","protected":false},"featured_media":4140,"comment_status":"open","ping_status":"closed","template":"","meta":[],"class_list":["post-4132","product","type-product","status-publish","has-post-thumbnail","hentry","product_cat-panska"],"_links":{"self":[{"href":"https:\/\/obchod.dcstyl.cz\/index.php\/wp-json\/wp\/v2\/product\/4132","targetHints":{"allow":["GET"]}}],"collection":[{"href":"https:\/\/obchod.dcstyl.cz\/index.php\/wp-json\/wp\/v2\/product"}],"about":[{"href":"https:\/\/obchod.dcstyl.cz\/index.php\/wp-json\/wp\/v2\/types\/product"}],"replies":[{"embeddable":true,"href":"https:\/\/obchod.dcstyl.cz\/index.php\/wp-json\/wp\/v2\/comments?post=4132"}],"wp:featuredmedia":[{"embeddable":true,"href":"https:\/\/obchod.dcstyl.cz\/index.php\/wp-json\/wp\/v2\/media\/4140"}],"wp:attachment":[{"href":"https:\/\/obchod.dcstyl.cz\/index.php\/wp-json\/wp\/v2\/media?parent=4132"}],"curies":[{"name":"wp","href":"https:\/\/api.w.org\/{rel}","templated":true}]}}