{"id":4129,"date":"2021-04-03T16:13:50","date_gmt":"2021-04-03T16:13:50","guid":{"rendered":"http:\/\/obchod.dcstyl.cz\/?post_type=product&#038;p=4129"},"modified":"2021-09-27T15:46:38","modified_gmt":"2021-09-27T15:46:38","slug":"teplakove-kalhoty","status":"publish","type":"product","link":"https:\/\/obchod.dcstyl.cz\/index.php\/product\/teplakove-kalhoty\/","title":{"rendered":"Tepl\u00e1kov\u00e9 kalhoty s kapsami"},"content":{"rendered":"<p>Praktick\u00e9 tepl\u00e1kov\u00e9 kalhoty pro ka\u017edodenn\u00ed no\u0161en\u00ed.<\/p>\n<p>Bavlna 95%, elastan 5%<\/p>\n","protected":false},"excerpt":{"rendered":"<p>Praktick\u00e9 tepl\u00e1kov\u00e9 kalhoty pro ka\u017edodenn\u00ed no\u0161en\u00ed. Bavlna 95%, elastan 5%<\/p>\n","protected":false},"featured_media":4085,"comment_status":"open","ping_status":"closed","template":"","meta":[],"class_list":["post-4129","product","type-product","status-publish","has-post-thumbnail","hentry","product_cat-damska"],"_links":{"self":[{"href":"https:\/\/obchod.dcstyl.cz\/index.php\/wp-json\/wp\/v2\/product\/4129","targetHints":{"allow":["GET"]}}],"collection":[{"href":"https:\/\/obchod.dcstyl.cz\/index.php\/wp-json\/wp\/v2\/product"}],"about":[{"href":"https:\/\/obchod.dcstyl.cz\/index.php\/wp-json\/wp\/v2\/types\/product"}],"replies":[{"embeddable":true,"href":"https:\/\/obchod.dcstyl.cz\/index.php\/wp-json\/wp\/v2\/comments?post=4129"}],"wp:featuredmedia":[{"embeddable":true,"href":"https:\/\/obchod.dcstyl.cz\/index.php\/wp-json\/wp\/v2\/media\/4085"}],"wp:attachment":[{"href":"https:\/\/obchod.dcstyl.cz\/index.php\/wp-json\/wp\/v2\/media?parent=4129"}],"curies":[{"name":"wp","href":"https:\/\/api.w.org\/{rel}","templated":true}]}}