{"id":4082,"date":"2021-03-28T12:27:09","date_gmt":"2021-03-28T12:27:09","guid":{"rendered":"http:\/\/obchod.dcstyl.cz\/?post_type=product&#038;p=4082"},"modified":"2021-09-27T15:50:07","modified_gmt":"2021-09-27T15:50:07","slug":"triko-netopyri-rukavy","status":"publish","type":"product","link":"https:\/\/obchod.dcstyl.cz\/index.php\/product\/triko-netopyri-rukavy\/","title":{"rendered":"Triko netop\u00fd\u0159\u00ed ruk\u00e1vy"},"content":{"rendered":"<p>Elegantn\u00ed triko netop\u00fd\u0159\u00ed ruk\u00e1vy lze nosit ke kalhot\u016fm i k suk\u00fdnk\u00e1m.<\/p>\n<p>Je velmi pohodln\u00e9 a slu\u0161iv\u00e9.<\/p>\n","protected":false},"excerpt":{"rendered":"<p>Triko s netop\u00fd\u0159\u00edmi ruk\u00e1vy.<\/p>\n","protected":false},"featured_media":4084,"comment_status":"open","ping_status":"closed","template":"","meta":[],"class_list":["post-4082","product","type-product","status-publish","has-post-thumbnail","hentry","product_cat-damska"],"_links":{"self":[{"href":"https:\/\/obchod.dcstyl.cz\/index.php\/wp-json\/wp\/v2\/product\/4082","targetHints":{"allow":["GET"]}}],"collection":[{"href":"https:\/\/obchod.dcstyl.cz\/index.php\/wp-json\/wp\/v2\/product"}],"about":[{"href":"https:\/\/obchod.dcstyl.cz\/index.php\/wp-json\/wp\/v2\/types\/product"}],"replies":[{"embeddable":true,"href":"https:\/\/obchod.dcstyl.cz\/index.php\/wp-json\/wp\/v2\/comments?post=4082"}],"wp:featuredmedia":[{"embeddable":true,"href":"https:\/\/obchod.dcstyl.cz\/index.php\/wp-json\/wp\/v2\/media\/4084"}],"wp:attachment":[{"href":"https:\/\/obchod.dcstyl.cz\/index.php\/wp-json\/wp\/v2\/media?parent=4082"}],"curies":[{"name":"wp","href":"https:\/\/api.w.org\/{rel}","templated":true}]}}