{"id":3968,"date":"2021-03-27T08:23:03","date_gmt":"2021-03-27T08:23:03","guid":{"rendered":"http:\/\/obchod.dcstyl.cz\/?post_type=product&#038;p=3968"},"modified":"2026-02-22T19:38:48","modified_gmt":"2026-02-22T19:38:48","slug":"saty-s-kapsama","status":"publish","type":"product","link":"https:\/\/obchod.dcstyl.cz\/index.php\/product\/saty-s-kapsama\/","title":{"rendered":"\u0160aty s kapsami"},"content":{"rendered":"<p>M\u00f3dn\u00ed \u0161aty kapsami a 3\/4 ruk\u00e1vem.<\/p>\n<p>I tyto \u0161aty si obl\u00edb\u00edte a stanou se va\u0161\u00ed jedni\u010dkou na cestu do pr\u00e1ce.<\/p>\n<p>Materi\u00e1l poti\u0161t\u011bn\u00e1 tepl\u00e1kovina 95 % bavlna, 5 %<\/p>\n<p>Rozm\u011br \u0161at\u016f: S &#8211; prsa 50cm, boky 51cm, d\u00e9lka 90cm<\/p>\n<p>M &#8211; prsa 52cm, boky 53cm, d\u00e9lka 90cm<\/p>\n<p>L &#8211; prsa 54cm, boky 55cm, d\u00e9lka 95cm<\/p>\n<p>XL &#8211; prsa 56cm, boky 57cm, d\u00e9lka 95cm<\/p>\n","protected":false},"excerpt":{"rendered":"<p>M\u00f3dn\u00ed \u0161aty s kapsami, tisk.<\/p>\n","protected":false},"featured_media":3970,"comment_status":"open","ping_status":"closed","template":"","meta":[],"class_list":["post-3968","product","type-product","status-publish","has-post-thumbnail","hentry","product_cat-damska"],"_links":{"self":[{"href":"https:\/\/obchod.dcstyl.cz\/index.php\/wp-json\/wp\/v2\/product\/3968","targetHints":{"allow":["GET"]}}],"collection":[{"href":"https:\/\/obchod.dcstyl.cz\/index.php\/wp-json\/wp\/v2\/product"}],"about":[{"href":"https:\/\/obchod.dcstyl.cz\/index.php\/wp-json\/wp\/v2\/types\/product"}],"replies":[{"embeddable":true,"href":"https:\/\/obchod.dcstyl.cz\/index.php\/wp-json\/wp\/v2\/comments?post=3968"}],"wp:featuredmedia":[{"embeddable":true,"href":"https:\/\/obchod.dcstyl.cz\/index.php\/wp-json\/wp\/v2\/media\/3970"}],"wp:attachment":[{"href":"https:\/\/obchod.dcstyl.cz\/index.php\/wp-json\/wp\/v2\/media?parent=3968"}],"curies":[{"name":"wp","href":"https:\/\/api.w.org\/{rel}","templated":true}]}}