{"id":3938,"date":"2021-03-26T18:45:23","date_gmt":"2021-03-26T18:45:23","guid":{"rendered":"http:\/\/obchod.dcstyl.cz\/?post_type=product&#038;p=3938"},"modified":"2021-03-28T12:29:14","modified_gmt":"2021-03-28T12:29:14","slug":"softshellova-vest","status":"publish","type":"product","link":"https:\/\/obchod.dcstyl.cz\/index.php\/product\/softshellova-vest\/","title":{"rendered":"Softshellov\u00e1 vesta"},"content":{"rendered":"<p>Softshellov\u00e1 vesta s objemnou kapucou, je praktick\u00e1, komfortn\u00ed, kterou si hned obl\u00edb\u00edte.<\/p>\n<p>Rychlo zap\u00edn\u00e1n\u00ed je pohodln\u00fdm, ale i ozdobn\u00fdm prvkem.<\/p>\n<p>Velk\u00e9 kapsy poslou\u017e\u00ed m\u00edsto mal\u00e9 kabelky.<\/p>\n<p>Poslou\u017e\u00ed jako chr\u00e1ni\u010d p\u00e9\u0159ov\u00e9 bundy.<\/p>\n","protected":false},"excerpt":{"rendered":"<p>Softshellov\u00e1 vesta s objemnou kapucou, je praktick\u00e1, komfortn\u00ed, kterou si hned obl\u00edb\u00edte.<\/p>\n","protected":false},"featured_media":3943,"comment_status":"open","ping_status":"closed","template":"","meta":[],"class_list":["post-3938","product","type-product","status-publish","has-post-thumbnail","hentry","product_cat-damska"],"_links":{"self":[{"href":"https:\/\/obchod.dcstyl.cz\/index.php\/wp-json\/wp\/v2\/product\/3938","targetHints":{"allow":["GET"]}}],"collection":[{"href":"https:\/\/obchod.dcstyl.cz\/index.php\/wp-json\/wp\/v2\/product"}],"about":[{"href":"https:\/\/obchod.dcstyl.cz\/index.php\/wp-json\/wp\/v2\/types\/product"}],"replies":[{"embeddable":true,"href":"https:\/\/obchod.dcstyl.cz\/index.php\/wp-json\/wp\/v2\/comments?post=3938"}],"wp:featuredmedia":[{"embeddable":true,"href":"https:\/\/obchod.dcstyl.cz\/index.php\/wp-json\/wp\/v2\/media\/3943"}],"wp:attachment":[{"href":"https:\/\/obchod.dcstyl.cz\/index.php\/wp-json\/wp\/v2\/media?parent=3938"}],"curies":[{"name":"wp","href":"https:\/\/api.w.org\/{rel}","templated":true}]}}