{"id":3909,"date":"2021-03-24T21:26:30","date_gmt":"2021-03-24T21:26:30","guid":{"rendered":"http:\/\/obchod.dcstyl.cz\/?post_type=product&#038;p=3909"},"modified":"2021-03-28T19:56:56","modified_gmt":"2021-03-28T19:56:56","slug":"leginy-3","status":"publish","type":"product","link":"https:\/\/obchod.dcstyl.cz\/index.php\/product\/leginy-3\/","title":{"rendered":"Leg\u00edny"},"content":{"rendered":"<p>Leg\u00edny \u2013 m\u00f3dn\u00ed leg\u00edny na b\u011bh, jogu, pilates a dal\u0161\u00ed sporty. V leg\u00edn\u00e1ch s origin\u00e1ln\u00edm potiskem se budete c\u00edtit elegantn\u011b i p\u0159i sportov\u00e1n\u00ed.<\/p>\n<p>Top elastick\u00fd materi\u00e1l, wall kompresn\u00ed.<\/p>\n<p>Slo\u017een\u00ed \u2013\u00a0 82% polyester, 18 % elastan.<\/p>\n<p>Pr\u00e1t do 40\u00b0C, v ruce, nebo v pra\u010dce, ned\u00e1vat do su\u0161i\u010dky, ne\u017eehlit. Cena odpov\u00edd\u00e1 komfortn\u00edmu materi\u00e1lu a proveden\u00ed.<\/p>\n<p>Tabulka velikost\u00ed v cm tolerance +\/- 5 %:<\/p>\n<p><strong>S\u00a0<\/strong> \u00a0 \u00a0 A &#8211; 70\u00a0 \u00a0 \u00a0 \u00a0B &#8211; 52,5\u00a0 \u00a0 \u00a0C- 6,5<br \/>\n<strong>M\u00a0<\/strong> \u00a0 \u00a0A &#8211; 71,5\u00a0 \u00a0 B &#8211; 55\u00a0 \u00a0 \u00a0 \u00a0 C- 6,5<br \/>\n<strong>L\u00a0<\/strong> \u00a0 \u00a0 A &#8211; 73,5\u00a0 \u00a0 B &#8211; 57,5\u00a0 \u00a0 C- 6,5<br \/>\n<strong>XL<\/strong>\u00a0 \u00a0 A &#8211; 75\u00a0 \u00a0 \u00a0 B &#8211; 59,5\u00a0 \u00a0 \u00a0C- 6,5<\/p>\n","protected":false},"excerpt":{"rendered":"<p>Leg\u00edny &#8211; m\u00f3dn\u00ed leg\u00edny na b\u011bh, jogu, pilates a dal\u0161\u00ed sporty.<\/p>\n","protected":false},"featured_media":3901,"comment_status":"open","ping_status":"closed","template":"","meta":[],"class_list":["post-3909","product","type-product","status-publish","has-post-thumbnail","hentry","product_cat-damska"],"_links":{"self":[{"href":"https:\/\/obchod.dcstyl.cz\/index.php\/wp-json\/wp\/v2\/product\/3909","targetHints":{"allow":["GET"]}}],"collection":[{"href":"https:\/\/obchod.dcstyl.cz\/index.php\/wp-json\/wp\/v2\/product"}],"about":[{"href":"https:\/\/obchod.dcstyl.cz\/index.php\/wp-json\/wp\/v2\/types\/product"}],"replies":[{"embeddable":true,"href":"https:\/\/obchod.dcstyl.cz\/index.php\/wp-json\/wp\/v2\/comments?post=3909"}],"wp:featuredmedia":[{"embeddable":true,"href":"https:\/\/obchod.dcstyl.cz\/index.php\/wp-json\/wp\/v2\/media\/3901"}],"wp:attachment":[{"href":"https:\/\/obchod.dcstyl.cz\/index.php\/wp-json\/wp\/v2\/media?parent=3909"}],"curies":[{"name":"wp","href":"https:\/\/api.w.org\/{rel}","templated":true}]}}