{"id":3605,"date":"2021-03-23T16:32:43","date_gmt":"2021-03-23T16:32:43","guid":{"rendered":"http:\/\/obchod.dcstyl.cz\/?post_type=product&#038;p=3605"},"modified":"2021-03-23T20:55:41","modified_gmt":"2021-03-23T20:55:41","slug":"polo-saty","status":"publish","type":"product","link":"https:\/\/obchod.dcstyl.cz\/index.php\/product\/polo-saty\/","title":{"rendered":"Polo \u0161aty"},"content":{"rendered":"<p>Polo \u0161aty s kr\u00e1tk\u00fdm ruk\u00e1vkem, v\u00fd\u0161ivkou a rozparkem. Dopln\u011bny prou\u017ekem v l\u00edme\u010dku i rozparku.<\/p>\n<p>Materi\u00e1l 95% bavlna<\/p>\n<p>5% elastan<\/p>\n","protected":false},"excerpt":{"rendered":"<p>Polo \u0161aty s kr\u00e1tk\u00fdm ruk\u00e1vkem a rozparkem.<\/p>\n","protected":false},"featured_media":3751,"comment_status":"open","ping_status":"closed","template":"","meta":[],"class_list":["post-3605","product","type-product","status-publish","has-post-thumbnail","hentry","product_cat-damska"],"_links":{"self":[{"href":"https:\/\/obchod.dcstyl.cz\/index.php\/wp-json\/wp\/v2\/product\/3605","targetHints":{"allow":["GET"]}}],"collection":[{"href":"https:\/\/obchod.dcstyl.cz\/index.php\/wp-json\/wp\/v2\/product"}],"about":[{"href":"https:\/\/obchod.dcstyl.cz\/index.php\/wp-json\/wp\/v2\/types\/product"}],"replies":[{"embeddable":true,"href":"https:\/\/obchod.dcstyl.cz\/index.php\/wp-json\/wp\/v2\/comments?post=3605"}],"wp:featuredmedia":[{"embeddable":true,"href":"https:\/\/obchod.dcstyl.cz\/index.php\/wp-json\/wp\/v2\/media\/3751"}],"wp:attachment":[{"href":"https:\/\/obchod.dcstyl.cz\/index.php\/wp-json\/wp\/v2\/media?parent=3605"}],"curies":[{"name":"wp","href":"https:\/\/api.w.org\/{rel}","templated":true}]}}