{"id":3577,"date":"2021-03-11T16:28:52","date_gmt":"2021-03-11T16:28:52","guid":{"rendered":"https:\/\/dcstyl.ecreo.link\/?post_type=product&#038;p=3577"},"modified":"2021-03-23T19:12:31","modified_gmt":"2021-03-23T19:12:31","slug":"saty-test","status":"publish","type":"product","link":"https:\/\/obchod.dcstyl.cz\/index.php\/product\/saty-test\/","title":{"rendered":"\u0160aty se stoj\u00e1\u010dkem"},"content":{"rendered":"<p>Volno\u010dasov\u00e9 \u0161aty, vhodn\u00e9 na v\u0161echny p\u0159\u00edle\u017eitosti, v r\u016fzn\u00fdch barv\u00e1ch a proveden\u00edch, \u0161aty kter\u00e9 jsou vhodn\u00e9 nosit i ke kalhot\u016fm jsou od krku s mal\u00fdm lemem, nebo se stoj\u00e1kem.<\/p>\n<p>Ruk\u00e1v 3\/4 k lokti.<\/p>\n<p>Materi\u00e1l 95 % ba, 5 % elastan.<\/p>\n","protected":false},"excerpt":{"rendered":"<p>Volno\u010dasov\u00e9 \u0161aty, vhodn\u00e9 na v\u0161echny p\u0159\u00edle\u017eitosti, v r\u016fzn\u00fdch barv\u00e1ch a proveden\u00edch.<\/p>\n","protected":false},"featured_media":3859,"comment_status":"open","ping_status":"closed","template":"","meta":[],"class_list":["post-3577","product","type-product","status-publish","has-post-thumbnail","hentry","product_cat-damska"],"_links":{"self":[{"href":"https:\/\/obchod.dcstyl.cz\/index.php\/wp-json\/wp\/v2\/product\/3577","targetHints":{"allow":["GET"]}}],"collection":[{"href":"https:\/\/obchod.dcstyl.cz\/index.php\/wp-json\/wp\/v2\/product"}],"about":[{"href":"https:\/\/obchod.dcstyl.cz\/index.php\/wp-json\/wp\/v2\/types\/product"}],"replies":[{"embeddable":true,"href":"https:\/\/obchod.dcstyl.cz\/index.php\/wp-json\/wp\/v2\/comments?post=3577"}],"wp:featuredmedia":[{"embeddable":true,"href":"https:\/\/obchod.dcstyl.cz\/index.php\/wp-json\/wp\/v2\/media\/3859"}],"wp:attachment":[{"href":"https:\/\/obchod.dcstyl.cz\/index.php\/wp-json\/wp\/v2\/media?parent=3577"}],"curies":[{"name":"wp","href":"https:\/\/api.w.org\/{rel}","templated":true}]}}