{"id":3511,"date":"2021-03-09T10:06:49","date_gmt":"2021-03-09T10:06:49","guid":{"rendered":"https:\/\/dcstyl.ecreo.link\/?post_type=product&#038;p=3511"},"modified":"2021-03-23T14:05:18","modified_gmt":"2021-03-23T14:05:18","slug":"teplaky-s-lemem","status":"publish","type":"product","link":"https:\/\/obchod.dcstyl.cz\/index.php\/product\/teplaky-s-lemem\/","title":{"rendered":"Softshellov\u00e9 kalhoty"},"content":{"rendered":"<p>Softshellov\u00e9 kalhoty, pohodln\u00e9ho st\u0159ihu, s vysok\u00fdm lemem v pase.<\/p>\n<p>Letn\u00ed softhell.<\/p>\n<p>Barevn\u00e9 pro\u0161it\u00ed:<\/p>\n<p>na \u010dern\u00fdch r\u016f\u017eov\u00e9<\/p>\n<p>na antracitov\u00fdch oran\u017eov\u00e9<\/p>\n<p>na modr\u00fdch b\u00edlo\/\u010derven\u00e9<\/p>\n<p>Pruhovan\u00fd elastick\u00fd lem v pase, dolad\u00ed barvu pro\u0161it\u00ed.<\/p>\n","protected":false},"excerpt":{"rendered":"<p>Softshellov\u00e9 kalhoty pro voln\u00fd \u010das i do m\u011bsta.<\/p>\n<p>Letn\u00ed softshell.<\/p>\n","protected":false},"featured_media":3512,"comment_status":"open","ping_status":"closed","template":"","meta":[],"class_list":["post-3511","product","type-product","status-publish","has-post-thumbnail","hentry","product_cat-damska"],"_links":{"self":[{"href":"https:\/\/obchod.dcstyl.cz\/index.php\/wp-json\/wp\/v2\/product\/3511","targetHints":{"allow":["GET"]}}],"collection":[{"href":"https:\/\/obchod.dcstyl.cz\/index.php\/wp-json\/wp\/v2\/product"}],"about":[{"href":"https:\/\/obchod.dcstyl.cz\/index.php\/wp-json\/wp\/v2\/types\/product"}],"replies":[{"embeddable":true,"href":"https:\/\/obchod.dcstyl.cz\/index.php\/wp-json\/wp\/v2\/comments?post=3511"}],"wp:featuredmedia":[{"embeddable":true,"href":"https:\/\/obchod.dcstyl.cz\/index.php\/wp-json\/wp\/v2\/media\/3512"}],"wp:attachment":[{"href":"https:\/\/obchod.dcstyl.cz\/index.php\/wp-json\/wp\/v2\/media?parent=3511"}],"curies":[{"name":"wp","href":"https:\/\/api.w.org\/{rel}","templated":true}]}}