{"id":3487,"date":"2021-03-08T15:48:28","date_gmt":"2021-03-08T15:48:28","guid":{"rendered":"https:\/\/dcstyl.ecreo.link\/?post_type=product&#038;p=3487"},"modified":"2021-03-23T19:12:15","modified_gmt":"2021-03-23T19:12:15","slug":"modni-polosaty","status":"publish","type":"product","link":"https:\/\/obchod.dcstyl.cz\/index.php\/product\/modni-polosaty\/","title":{"rendered":"M\u00f3dn\u00ed polo\u0161aty"},"content":{"rendered":"<p>M\u00f3dn\u00ed polo\u0161aty, kr\u00e1tk\u00e9 a 3\/4 ruk\u00e1vy zdoben\u00e9 knofl\u00ed\u010dky a v rozparc\u00edch a l\u00edme\u010dku je drobn\u00fd prou\u017eek.<\/p>\n<p>Obl\u00edben\u00e9 k \u00fazk\u00fdm rifl\u00edm.<\/p>\n<p>Na lev\u00e9m prsu v\u00fd\u0161ivka.<\/p>\n<p>Materi\u00e1l Pik\u00e9 Ba\/elastan.<\/p>\n","protected":false},"excerpt":{"rendered":"<p>M\u00f3dn\u00ed polo\u0161aty, kr\u00e1tk\u00e9 a 3\/4 ruk\u00e1vy zdoben\u00e9 knofl\u00ed\u010dky a v rozparc\u00edch a l\u00edme\u010dku je drobn\u00fd prou\u017eek. Materi\u00e1l Pik\u00e9 Ba\/Pes.<\/p>\n","protected":false},"featured_media":3858,"comment_status":"open","ping_status":"closed","template":"","meta":[],"class_list":["post-3487","product","type-product","status-publish","has-post-thumbnail","hentry","product_cat-uncategorized","product_cat-damska"],"_links":{"self":[{"href":"https:\/\/obchod.dcstyl.cz\/index.php\/wp-json\/wp\/v2\/product\/3487","targetHints":{"allow":["GET"]}}],"collection":[{"href":"https:\/\/obchod.dcstyl.cz\/index.php\/wp-json\/wp\/v2\/product"}],"about":[{"href":"https:\/\/obchod.dcstyl.cz\/index.php\/wp-json\/wp\/v2\/types\/product"}],"replies":[{"embeddable":true,"href":"https:\/\/obchod.dcstyl.cz\/index.php\/wp-json\/wp\/v2\/comments?post=3487"}],"wp:featuredmedia":[{"embeddable":true,"href":"https:\/\/obchod.dcstyl.cz\/index.php\/wp-json\/wp\/v2\/media\/3858"}],"wp:attachment":[{"href":"https:\/\/obchod.dcstyl.cz\/index.php\/wp-json\/wp\/v2\/media?parent=3487"}],"curies":[{"name":"wp","href":"https:\/\/api.w.org\/{rel}","templated":true}]}}