{"id":3438,"date":"2021-03-08T15:16:17","date_gmt":"2021-03-08T15:16:17","guid":{"rendered":"https:\/\/dcstyl.ecreo.link\/?post_type=product&#038;p=3438"},"modified":"2021-03-28T20:26:30","modified_gmt":"2021-03-28T20:26:30","slug":"3438","status":"publish","type":"product","link":"https:\/\/obchod.dcstyl.cz\/index.php\/product\/3438\/","title":{"rendered":"\u0160aty"},"content":{"rendered":"<p>Volno\u010dasov\u00e9 \u0161aty, vhodn\u00e9 na v\u0161echny p\u0159\u00edle\u017eitosti, v r\u016fzn\u00fdch barv\u00e1ch.<\/p>\n<p>Materi\u00e1l:<\/p>\n<p>95% bavlna<\/p>\n<p>5% elastan<\/p>\n","protected":false},"excerpt":{"rendered":"<p>Volno\u010dasov\u00e9 \u0161aty, vhodn\u00e9 na v\u0161echny p\u0159\u00edle\u017eitosti, v r\u016fzn\u00fdch barv\u00e1ch.<\/p>\n<p>&nbsp;<\/p>\n","protected":false},"featured_media":3498,"comment_status":"open","ping_status":"closed","template":"","meta":[],"class_list":["post-3438","product","type-product","status-publish","has-post-thumbnail","hentry","product_cat-damska"],"_links":{"self":[{"href":"https:\/\/obchod.dcstyl.cz\/index.php\/wp-json\/wp\/v2\/product\/3438","targetHints":{"allow":["GET"]}}],"collection":[{"href":"https:\/\/obchod.dcstyl.cz\/index.php\/wp-json\/wp\/v2\/product"}],"about":[{"href":"https:\/\/obchod.dcstyl.cz\/index.php\/wp-json\/wp\/v2\/types\/product"}],"replies":[{"embeddable":true,"href":"https:\/\/obchod.dcstyl.cz\/index.php\/wp-json\/wp\/v2\/comments?post=3438"}],"wp:featuredmedia":[{"embeddable":true,"href":"https:\/\/obchod.dcstyl.cz\/index.php\/wp-json\/wp\/v2\/media\/3498"}],"wp:attachment":[{"href":"https:\/\/obchod.dcstyl.cz\/index.php\/wp-json\/wp\/v2\/media?parent=3438"}],"curies":[{"name":"wp","href":"https:\/\/api.w.org\/{rel}","templated":true}]}}