{"id":3421,"date":"2021-03-08T14:15:52","date_gmt":"2021-03-08T14:15:52","guid":{"rendered":"https:\/\/dcstyl.ecreo.link\/?post_type=product&#038;p=3421"},"modified":"2021-03-28T20:30:26","modified_gmt":"2021-03-28T20:30:26","slug":"softshellova-sukne","status":"publish","type":"product","link":"https:\/\/obchod.dcstyl.cz\/index.php\/product\/softshellova-sukne\/","title":{"rendered":"Softshellov\u00e1 sukn\u011b"},"content":{"rendered":"<p>H\u0159ejiv\u00e1 softshellov\u00e1 sukn\u011b, v pase na gumu s efektn\u00edm potiskem. Materi\u00e1l 100% polyester.<\/p>\n<p>&nbsp;<\/p>\n","protected":false},"excerpt":{"rendered":"<p>H\u0159ejiv\u00e1 softshellov\u00e1 sukn\u011b, v pase na gumu s efektn\u00edm potiskem. Materi\u00e1l 100% polyester.<\/p>\n<p>Zbo\u017e\u00ed vyr\u00e1b\u00edme na objedn\u00e1vku, <strong>po\u010d\u00edtejte s dodac\u00ed lh\u016ftou 14 dn\u016f<\/strong>. Je mo\u017en\u00e9 na po\u017e\u00e1d\u00e1n\u00ed u nekonfek\u010dn\u00ed postavy upravit rozm\u011bry. Zde poplatek dle n\u00e1ro\u010dnosti.<\/p>\n","protected":false},"featured_media":3501,"comment_status":"open","ping_status":"closed","template":"","meta":[],"class_list":["post-3421","product","type-product","status-publish","has-post-thumbnail","hentry","product_cat-damska"],"_links":{"self":[{"href":"https:\/\/obchod.dcstyl.cz\/index.php\/wp-json\/wp\/v2\/product\/3421","targetHints":{"allow":["GET"]}}],"collection":[{"href":"https:\/\/obchod.dcstyl.cz\/index.php\/wp-json\/wp\/v2\/product"}],"about":[{"href":"https:\/\/obchod.dcstyl.cz\/index.php\/wp-json\/wp\/v2\/types\/product"}],"replies":[{"embeddable":true,"href":"https:\/\/obchod.dcstyl.cz\/index.php\/wp-json\/wp\/v2\/comments?post=3421"}],"wp:featuredmedia":[{"embeddable":true,"href":"https:\/\/obchod.dcstyl.cz\/index.php\/wp-json\/wp\/v2\/media\/3501"}],"wp:attachment":[{"href":"https:\/\/obchod.dcstyl.cz\/index.php\/wp-json\/wp\/v2\/media?parent=3421"}],"curies":[{"name":"wp","href":"https:\/\/api.w.org\/{rel}","templated":true}]}}