{"id":3,"date":"2021-02-27T20:00:06","date_gmt":"2021-02-27T20:00:06","guid":{"rendered":"https:\/\/dcstyl.ecreo.link\/?page_id=3"},"modified":"2021-03-22T09:18:03","modified_gmt":"2021-03-22T09:18:03","slug":"gdpr","status":"publish","type":"page","link":"https:\/\/obchod.dcstyl.cz\/index.php\/gdpr\/","title":{"rendered":"Podm\u00ednky ochrany osobn\u00edch \u00fadaj\u016f"},"content":{"rendered":"\n<p><strong>I.<\/strong><\/p>\n\n\n\n<p><strong>Z\u00e1kladn\u00ed ustanoven\u00ed<\/strong><\/p>\n\n\n\n<ol class=\"wp-block-list\" type=\"1\"><li><strong>Spr\u00e1vcem osobn\u00edch \u00fadaj\u016f&nbsp;<em>(poskytovatel slu\u017eby)<\/em><\/strong><em>&nbsp;<\/em>podle \u010dl. 4 bod 7 na\u0159\u00edzen\u00ed Evropsk\u00e9ho parlamentu a Rady (EU) 2016\/679 o ochran\u011b fyzick\u00fdch osob v souvislosti se zpracov\u00e1n\u00edm osobn\u00edch \u00fadaj\u016f a o voln\u00e9m pohybu t\u011bchto \u00fadaj\u016f (d\u00e1le jen: \u201e<strong>GDPR<\/strong>\u201d) je&nbsp;<strong><em>Dagmar \u010cun\u00e1tov\u00e1, I\u010c&nbsp;<\/em>02024705, se s\u00eddlem&nbsp;<em>\u017eivnosti,<\/em><\/strong>&nbsp;n\u00e1m. E. Bene\u0161e10, 399 01 Milevsko, zapsan\u00e1 v&nbsp;\u017eivnostensk\u00e9m rejst\u0159\u00edku.<\/li><li>Kontaktn\u00ed \u00fadaje spr\u00e1vce jsou:<\/li><\/ol>\n\n\n\n<p>adresa:n\u00e1m. E.Bene\u0161e 10, Milevsko 399 01<\/p>\n\n\n\n<p>e-mail: dcstyl@gmail.com<\/p>\n\n\n\n<p>telefon: 721016829<\/p>\n\n\n\n<ol class=\"wp-block-list\" type=\"1\" start=\"3\"><li>Osobn\u00edmi \u00fadaji,&nbsp;<strong><em>kter\u00e9 poskytne objednatel slu\u017eby poskytovateli slu\u017eby&nbsp;&nbsp;<\/em>se&nbsp;<em>p\u0159edev\u0161\u00edm<\/em>&nbsp;rozum\u00ed informace o&nbsp;<em>osobn\u00edch \u00fadaj\u00edch odb\u011bratele pro \u0159\u00e1dn\u00e9 zabezpe\u010den\u00ed poskytnut\u00ed slu\u017eby jsou to nap\u0159. jm\u00e9no objednatele, jeho adresa, I\u010c, telefonn\u00ed spojen\u00ed, emailov\u00e1 adresa\u2026\u2026.<\/em><\/strong><\/li><li>Spr\u00e1vce nejmenoval\/jmenoval pov\u011b\u0159ence pro ochranu osobn\u00edch \u00fadaj\u016f. Kontaktn\u00edmi \u00fadaji pov\u011b\u0159ence jsou:&nbsp;<\/li><\/ol>\n\n\n\n<p><strong>II.<\/strong><\/p>\n\n\n\n<p><strong>Poskytnut\u00e9 a zpracovan\u00e9 osobn\u00ed \u00fadaje<\/strong><\/p>\n\n\n\n<ol class=\"wp-block-list\" type=\"1\"><li>Jsou na z\u00e1klad\u011b pln\u011bn\u00ed Va\u0161\u00ed objedn\u00e1vky pro \u0159\u00e1dn\u00e9 pln\u011bn\u00ed slu\u017eby:<\/li><li>jm\u00e9no a p\u0159\u00edjmen\u00ed objednatele<\/li><li>e-mailov\u00e1 adresa<\/li><li>po\u0161tovn\u00ed adresa<\/li><li>telefon<\/li><li>\u2026<\/li><\/ol>\n\n\n\n<p><strong>III.<\/strong><\/p>\n\n\n\n<p><strong>Z\u00e1konn\u00fd d\u016fvod a \u00fa\u010del zpracov\u00e1n\u00ed osobn\u00edch \u00fadaj\u016f<\/strong><\/p>\n\n\n\n<ol class=\"wp-block-list\" type=\"1\"><li>Z\u00e1konn\u00fdm d\u016fvodem zpracov\u00e1n\u00ed osobn\u00edch \u00fadaj\u016f je&nbsp;<\/li><li>pln\u011bn\u00ed smlouvy mezi V\u00e1mi a&nbsp;spr\u00e1vcem podle \u010dl. 6 odst. 1 p\u00edsm. b) GDPR,<\/li><li>spln\u011bn\u00ed pr\u00e1vn\u00ed povinnosti spr\u00e1vce podle \u010dl. 6 odst. 1 p\u00edsm. c) GDPR,<\/li><li>opr\u00e1vn\u011bn\u00fd z\u00e1jem spr\u00e1vce na poskytov\u00e1n\u00ed p\u0159\u00edm\u00e9ho marketingu (zejm\u00e9na pro zas\u00edl\u00e1n\u00ed obchodn\u00edch sd\u011blen\u00ed a newsletter\u016f) podle \u010dl. 6 odst. 1 p\u00edsm. f) GDPR,<\/li><li>V\u00e1\u0161 souhlas se zpracov\u00e1n\u00edm pro \u00fa\u010dely poskytov\u00e1n\u00ed p\u0159\u00edm\u00e9ho marketingu (zejm\u00e9na pro zas\u00edl\u00e1n\u00ed obchodn\u00edch sd\u011blen\u00ed a newsletter\u016f) podle \u010dl. 6 odst. 1 p\u00edsm. a) GDPR ve spojen\u00ed s \u00a7 7 odst. 2 z\u00e1kona \u010d. 480\/2004 Sb., o n\u011bkter\u00fdch slu\u017eb\u00e1ch informa\u010dn\u00ed spole\u010dnosti v&nbsp;p\u0159\u00edpad\u011b, \u017ee nedo\u0161lo k&nbsp;objedn\u00e1vce zbo\u017e\u00ed nebo slu\u017eby.&nbsp;<\/li><li>\u00da\u010delem zpracov\u00e1n\u00ed osobn\u00edch \u00fadaj\u016f je<\/li><li>\u0158\u00e1dn\u00e9 vy\u0159\u00edzen\u00ed Va\u0161\u00ed objedn\u00e1vky a v\u00fdkon pr\u00e1v a povinnost\u00ed vypl\u00fdvaj\u00edc\u00edch ze smluvn\u00edho vztahu mezi V\u00e1mi a spr\u00e1vcem; uzav\u0159en\u00ed a pln\u011bn\u00ed smlouvy, bez poskytnut\u00ed osobn\u00edch \u00fadaj\u016f nen\u00ed mo\u017en\u00e9 smlouvu uzav\u0159\u00edt \u010di j\u00ed ze strany spr\u00e1vce &#8211;&nbsp;<strong><em>poskytovatele slu\u017eeb<\/em><\/strong>&nbsp;plnit,<\/li><li>pln\u011bn\u00ed pr\u00e1vn\u00edch povinnost\u00ed v\u016f\u010di st\u00e1tu,<\/li><li>zas\u00edl\u00e1n\u00ed obchodn\u00edch sd\u011blen\u00ed a \u010din\u011bn\u00ed dal\u0161\u00edch marketingov\u00fdch aktivit.&nbsp;<\/li><li>Ze strany spr\u00e1vce nedoch\u00e1z\u00ed\/doch\u00e1z\u00ed k&nbsp;automatick\u00e9mu individu\u00e1ln\u00edmu rozhodov\u00e1n\u00ed ve&nbsp;smyslu \u010dl. 22 GDPR. S&nbsp;takov\u00fdm zpracov\u00e1n\u00edm jste poskytl\/a sv\u016fj v\u00fdslovn\u00fd souhlas.&nbsp;<\/li><\/ol>\n\n\n\n<p><strong>IV.<\/strong><\/p>\n\n\n\n<p><strong>Doba uchov\u00e1v\u00e1n\u00ed \u00fadaj\u016f<\/strong><\/p>\n\n\n\n<ol class=\"wp-block-list\" type=\"1\"><li>Spr\u00e1vce uchov\u00e1v\u00e1 osobn\u00ed \u00fadaje&nbsp;<\/li><li>po dobu nezbytnou k v\u00fdkonu pr\u00e1v a povinnost\u00ed vypl\u00fdvaj\u00edc\u00edch ze smluvn\u00edho vztahu mezi V\u00e1mi a spr\u00e1vcem a uplat\u0148ov\u00e1n\u00ed n\u00e1rok\u016f z t\u011bchto smluvn\u00edch vztah\u016f.<\/li><\/ol>\n\n\n\n<p><strong><em>(nejd\u00e9le 3 roky).<\/em><\/strong><\/p>\n\n\n\n<ul class=\"wp-block-list\"><li><a href=\"applewebdata:\/\/84120861-1A20-4BBA-BC0B-873267E829F4#_msocom_1\">[1]<\/a>&nbsp;<\/li><\/ul>\n\n\n\n<ol class=\"wp-block-list\" type=\"1\" start=\"2\"><li>Po uplynut\u00ed doby uchov\u00e1v\u00e1n\u00ed osobn\u00edch \u00fadaj\u016f spr\u00e1vce osobn\u00ed \u00fadaje vyma\u017ee.&nbsp;<\/li><\/ol>\n\n\n\n<p><strong>V.<\/strong><\/p>\n\n\n\n<p><strong>P\u0159\u00edjemci osobn\u00edch \u00fadaj\u016f (subdodavatel\u00e9 spr\u00e1vce)<\/strong><\/p>\n\n\n\n<ol class=\"wp-block-list\" type=\"1\"><li>P\u0159\u00edjemci osobn\u00edch \u00fadaj\u016f&nbsp;<strong><em>mohou b\u00fdt<\/em><\/strong>&nbsp;osoby&nbsp;<\/li><li>pod\u00edlej\u00edc\u00ed se na dod\u00e1n\u00ed zbo\u017e\u00ed\/slu\u017eeb\/realizaci plateb na z\u00e1klad\u011b smlouvy,&nbsp;<\/li><li>zaji\u0161\u0165uj\u00edc\u00ed slu\u017eby provozov\u00e1n\u00ed e-shopu a dal\u0161\u00ed slu\u017eby v&nbsp;souvislosti s&nbsp;provozov\u00e1n\u00edm e-shopu,<\/li><li>zaji\u0161\u0165uj\u00edc\u00ed marketingov\u00e9 slu\u017eby.<\/li><li>Spr\u00e1vce nem\u00e1\/m\u00e1 v \u00famyslu p\u0159edat osobn\u00ed \u00fadaje do t\u0159et\u00ed zem\u011b (do zem\u011b mimo EU) nebo mezin\u00e1rodn\u00ed organizaci.&nbsp;&nbsp;<\/li><\/ol>\n\n\n\n<p><strong>VI.<\/strong><\/p>\n\n\n\n<p><strong>Zpracovatel\u00e9 osobn\u00edch \u00fadaj\u016f<\/strong><\/p>\n\n\n\n<ol class=\"wp-block-list\" type=\"1\"><li>Zpracov\u00e1n\u00ed osobn\u00edch \u00fadaj\u016f je prov\u00e1d\u011bno spr\u00e1vcem, osobn\u00ed \u00fadaje v\u0161ak pro n\u011bj mohou zpracov\u00e1vat i tito zpracovatel\u00e9:<\/li><li>poskytovatel slu\u017eby Mailchimp,<\/li><li>spole\u010dnost \u2026.,<\/li><li>p\u0159\u00edpadn\u011b dal\u0161\u00ed poskytovatel zpracovatelsk\u00fdch softwar\u016fm slu\u017eeb a aplikac\u00ed, kter\u00e9 v\u0161ak v&nbsp;sou\u010dasn\u00e9 dob\u011b spr\u00e1vce nevyu\u017e\u00edv\u00e1.<\/li><\/ol>\n\n\n\n<p><strong>VI.<\/strong><\/p>\n\n\n\n<p><strong>Va\u0161e pr\u00e1va<\/strong><\/p>\n\n\n\n<ol class=\"wp-block-list\" type=\"1\"><li>Za podm\u00ednek stanoven\u00fdch v&nbsp;GDPR m\u00e1te&nbsp;<\/li><li>pr\u00e1vo na p\u0159\u00edstup ke sv\u00fdm osobn\u00edm \u00fadaj\u016fm dle \u010dl. 15 GDPR,&nbsp;<\/li><li>pr\u00e1vo opravu osobn\u00edch \u00fadaj\u016f dle \u010dl. 16 GDPR, pop\u0159\u00edpad\u011b omezen\u00ed zpracov\u00e1n\u00ed dle \u010dl. 18 GDPR,<\/li><li>pr\u00e1vo na v\u00fdmaz osobn\u00edch \u00fadaj\u016f dle \u010dl. 17 GDPR,<\/li><li>pr\u00e1vo vzn\u00e9st n\u00e1mitku proti zpracov\u00e1n\u00ed dle \u010dl. 21 GDPR,<\/li><li>pr\u00e1vo na p\u0159enositelnost \u00fadaj\u016f dle \u010dl. 20 GDPR&nbsp;a<\/li><li>pr\u00e1vo odvolat souhlas se zpracov\u00e1n\u00edm p\u00edsemn\u011b nebo elektronicky na adresu nebo e-mail spr\u00e1vce uveden\u00fd v&nbsp;\u010dl. III t\u011bchto podm\u00ednek.&nbsp;<\/li><li>D\u00e1le m\u00e1te pr\u00e1vo podat st\u00ed\u017enost u \u00da\u0159adu pro ochranu osobn\u00edch \u00fadaj\u016f v p\u0159\u00edpad\u011b, \u017ee se domn\u00edv\u00e1te, \u017ee bylo poru\u0161eno Va\u0161e&nbsp;pr\u00e1vo na ochranu osobn\u00edch \u00fadaj\u016f, p\u0159\u00edpadn\u011b se obr\u00e1tit na soud.<\/li><\/ol>\n\n\n\n<p><strong>VII.<\/strong><\/p>\n\n\n\n<p><strong>Podm\u00ednky zabezpe\u010den\u00ed osobn\u00edch \u00fadaj\u016f<\/strong><\/p>\n\n\n\n<ol class=\"wp-block-list\" type=\"1\"><li>Spr\u00e1vce prohla\u0161uje, \u017ee p\u0159ijal ve\u0161ker\u00e1 vhodn\u00e1 technick\u00e1 a organiza\u010dn\u00ed opat\u0159en\u00ed k&nbsp;zabezpe\u010den\u00ed osobn\u00edch \u00fadaj\u016f a&nbsp;<strong><em>tyto budou j\u00edm ochr\u00e1n\u011bny.<\/em><\/strong><\/li><\/ol>\n\n\n\n<p><strong>VIII.<\/strong><\/p>\n\n\n\n<p><strong>Z\u00e1v\u011bre\u010dn\u00e1 ustanoven\u00ed<\/strong><\/p>\n\n\n\n<ol class=\"wp-block-list\" type=\"1\"><li>Odesl\u00e1n\u00edm objedn\u00e1vky z internetov\u00e9ho objedn\u00e1vkov\u00e9ho formul\u00e1\u0159e potvrzujete, \u017ee jste sezn\u00e1men\/a&nbsp;<strong>s&nbsp;<em>t\u011bmito<\/em><\/strong>podm\u00ednkami ochrany osobn\u00edch \u00fadaj\u016f a \u017ee je v cel\u00e9m rozsahu p\u0159ij\u00edm\u00e1te&nbsp;<strong><em>a souhlas\u00edte s&nbsp;nimi.<\/em><\/strong><\/li><li>S&nbsp;t\u011bmito podm\u00ednkami souhlas\u00edte za\u0161krtnut\u00edm souhlasu prost\u0159ednictv\u00edm internetov\u00e9ho formul\u00e1\u0159e&nbsp;<strong><em>a z\u00e1rove\u0148<\/em><\/strong>potvrzujete, \u017ee jste sezn\u00e1men\/a s podm\u00ednkami ochrany osobn\u00edch \u00fadaj\u016f a \u017ee je v cel\u00e9m rozsahu p\u0159ij\u00edm\u00e1te.<\/li><li>Spr\u00e1vce je opr\u00e1vn\u011bn tyto podm\u00ednky zm\u011bnit. Novou verzi podm\u00ednek ochrany osobn\u00edch \u00fadaj\u016f zve\u0159ejn\u00ed na sv\u00fdch internetov\u00fdch str\u00e1nk\u00e1ch a z\u00e1rove\u0148 V\u00e1m za\u0161le novou verzi t\u011bchto podm\u00ednek Va\u0161i e-mailovou adresu, kterou jste spr\u00e1vci poskytl\/a.<\/li><\/ol>\n\n\n\n<p>Tyto podm\u00ednky nab\u00fdvaj\u00ed&nbsp;<em>platnosti a<\/em>&nbsp;\u00fa\u010dinnosti dnem&nbsp;<\/p>\n\n\n\n<hr class=\"wp-block-separator\"\/>\n\n\n\n<p>Ponechte v p\u0159\u00edpad\u011b, \u017ee zpracov\u00e1v\u00e1te osobn\u00ed \u00fadaje osob, kter\u00e9 V\u00e1m poskytly kontaktn\u00ed \u00fadaje pro zas\u00edl\u00e1n\u00ed obchodn\u00edch sd\u011blen\u00ed, ale tato osoba (je\u0161t\u011b) neobjednala zbo\u017e\u00ed nebo slu\u017eby.<\/p>\n","protected":false},"excerpt":{"rendered":"<p>I. Z\u00e1kladn\u00ed ustanoven\u00ed Spr\u00e1vcem osobn\u00edch \u00fadaj\u016f&nbsp;(poskytovatel slu\u017eby)&nbsp;podle \u010dl. 4 bod 7 na\u0159\u00edzen\u00ed Evropsk\u00e9ho parlamentu a Rady (EU) 2016\/679 o ochran\u011b fyzick\u00fdch osob v souvislosti se zpracov\u00e1n\u00edm osobn\u00edch \u00fadaj\u016f a o voln\u00e9m pohybu t\u011bchto \u00fadaj\u016f (d\u00e1le jen: \u201eGDPR\u201d) je&nbsp;Dagmar \u010cun\u00e1tov\u00e1, I\u010c&nbsp;02024705, se s\u00eddlem&nbsp;\u017eivnosti,&nbsp;n\u00e1m. E. Bene\u0161e10, 399 01 Milevsko, zapsan\u00e1 v&nbsp;\u017eivnostensk\u00e9m rejst\u0159\u00edku.&hellip;<\/p>\n","protected":false},"author":1,"featured_media":0,"parent":0,"menu_order":0,"comment_status":"closed","ping_status":"open","template":"","meta":{"footnotes":""},"class_list":["post-3","page","type-page","status-publish","hentry"],"_links":{"self":[{"href":"https:\/\/obchod.dcstyl.cz\/index.php\/wp-json\/wp\/v2\/pages\/3","targetHints":{"allow":["GET"]}}],"collection":[{"href":"https:\/\/obchod.dcstyl.cz\/index.php\/wp-json\/wp\/v2\/pages"}],"about":[{"href":"https:\/\/obchod.dcstyl.cz\/index.php\/wp-json\/wp\/v2\/types\/page"}],"author":[{"embeddable":true,"href":"https:\/\/obchod.dcstyl.cz\/index.php\/wp-json\/wp\/v2\/users\/1"}],"replies":[{"embeddable":true,"href":"https:\/\/obchod.dcstyl.cz\/index.php\/wp-json\/wp\/v2\/comments?post=3"}],"version-history":[{"count":1,"href":"https:\/\/obchod.dcstyl.cz\/index.php\/wp-json\/wp\/v2\/pages\/3\/revisions"}],"predecessor-version":[{"id":3598,"href":"https:\/\/obchod.dcstyl.cz\/index.php\/wp-json\/wp\/v2\/pages\/3\/revisions\/3598"}],"wp:attachment":[{"href":"https:\/\/obchod.dcstyl.cz\/index.php\/wp-json\/wp\/v2\/media?parent=3"}],"curies":[{"name":"wp","href":"https:\/\/api.w.org\/{rel}","templated":true}]}}