{"id":2221,"date":"2019-07-09T22:15:48","date_gmt":"2019-07-09T22:15:48","guid":{"rendered":"https:\/\/goya.everthemes.com\/demo-basic\/?page_id=2221"},"modified":"2026-02-22T18:36:16","modified_gmt":"2026-02-22T18:36:16","slug":"contact","status":"publish","type":"page","link":"https:\/\/obchod.dcstyl.cz\/index.php\/contact\/","title":{"rendered":"Contact"},"content":{"rendered":"[vc_row et_full_width=&#8220;true&#8220; et_row_padding=&#8220;true&#8220; full_height=&#8220;yes&#8220; columns_placement=&#8220;top&#8220; equal_height=&#8220;yes&#8220; content_placement=&#8220;top&#8220; thb_column_padding=&#8220;true&#8220; css=&#8220;.vc_custom_1615324718527{padding-left: 20px !important;}&#8220;][vc_column animation=&#8220;animation bottom-to-top&#8220; offset=&#8220;vc_col-lg-6&#8243; css=&#8220;.vc_custom_1570855549259{padding-top: 130px !important;padding-right: 10% !important;padding-bottom: 40px !important;padding-left: 10% !important;}&#8220;][vc_row_inner et_max_width=&#8220;&#8220; content_placement=&#8220;middle&#8220;][vc_column_inner width=&#8220;1\/2&#8243;][vc_column_text css=&#8220;.vc_custom_1615324647315{margin-bottom: 20px !important;padding-bottom: 20px !important;}&#8220;]\n<h3>Kontaktujte n\u00e1s<\/h3>\n<p>dasa.cunatova@seznam.cz<\/p>\n<p>+420 721 016 829[\/vc_column_text][\/vc_column_inner][vc_column_inner width=&#8220;1\/2&#8243;][vc_column_text]\n<h3>Provozovatel<\/h3>\n<p>DAGMAR \u010cUN\u00c1TOV\u00c1,<\/p>\n<p>Jana Amose Komensk\u00e9ho 1548, MILEVSKO 399 01<\/p>\n<p>I\u010cO: 02024705[\/vc_column_text][\/vc_column_inner][\/vc_row_inner][\/vc_column][\/vc_row]\n","protected":false},"excerpt":{"rendered":"<p>[vc_row et_full_width=&#8220;true&#8220; et_row_padding=&#8220;true&#8220; full_height=&#8220;yes&#8220; columns_placement=&#8220;top&#8220; equal_height=&#8220;yes&#8220; content_placement=&#8220;top&#8220; thb_column_padding=&#8220;true&#8220; css=&#8220;.vc_custom_1615324718527{padding-left: 20px !important;}&#8220;][vc_column animation=&#8220;animation bottom-to-top&#8220; offset=&#8220;vc_col-lg-6&#8243; css=&#8220;.vc_custom_1570855549259{padding-top: 130px !important;padding-right: 10% !important;padding-bottom: 40px !important;padding-left: 10% !important;}&#8220;][vc_row_inner et_max_width=&#8220;&#8220; content_placement=&#8220;middle&#8220;][vc_column_inner width=&#8220;1\/2&#8243;][vc_column_text css=&#8220;.vc_custom_1615324647315{margin-bottom: 20px !important;padding-bottom: 20px !important;}&#8220;] Kontaktujte n\u00e1s dasa.cunatova@seznam.cz +420 721 016 829[\/vc_column_text][\/vc_column_inner][vc_column_inner width=&#8220;1\/2&#8243;][vc_column_text] Provozovatel DAGMAR \u010cUN\u00c1TOV\u00c1, Jana Amose Komensk\u00e9ho 1548, MILEVSKO 399 01 I\u010cO:&hellip;<\/p>\n","protected":false},"author":1,"featured_media":0,"parent":0,"menu_order":0,"comment_status":"closed","ping_status":"closed","template":"","meta":{"footnotes":""},"class_list":["post-2221","page","type-page","status-publish","hentry"],"_links":{"self":[{"href":"https:\/\/obchod.dcstyl.cz\/index.php\/wp-json\/wp\/v2\/pages\/2221","targetHints":{"allow":["GET"]}}],"collection":[{"href":"https:\/\/obchod.dcstyl.cz\/index.php\/wp-json\/wp\/v2\/pages"}],"about":[{"href":"https:\/\/obchod.dcstyl.cz\/index.php\/wp-json\/wp\/v2\/types\/page"}],"author":[{"embeddable":true,"href":"https:\/\/obchod.dcstyl.cz\/index.php\/wp-json\/wp\/v2\/users\/1"}],"replies":[{"embeddable":true,"href":"https:\/\/obchod.dcstyl.cz\/index.php\/wp-json\/wp\/v2\/comments?post=2221"}],"version-history":[{"count":5,"href":"https:\/\/obchod.dcstyl.cz\/index.php\/wp-json\/wp\/v2\/pages\/2221\/revisions"}],"predecessor-version":[{"id":4377,"href":"https:\/\/obchod.dcstyl.cz\/index.php\/wp-json\/wp\/v2\/pages\/2221\/revisions\/4377"}],"wp:attachment":[{"href":"https:\/\/obchod.dcstyl.cz\/index.php\/wp-json\/wp\/v2\/media?parent=2221"}],"curies":[{"name":"wp","href":"https:\/\/api.w.org\/{rel}","templated":true}]}}